{"id":21280,"date":"2022-12-14T18:48:48","date_gmt":"2022-12-14T18:48:48","guid":{"rendered":"https:\/\/site-euspringworks-live-1721707192-jq9cikhfcu2uwhr.local\/home\/"},"modified":"2025-04-24T13:45:44","modified_gmt":"2025-04-24T13:45:44","slug":"home","status":"publish","type":"page","link":"https:\/\/www.desmoidtumours.eu\/de\/","title":{"rendered":"Startseite"},"content":{"rendered":"\t\t<div data-elementor-type=\"wp-page\" data-elementor-id=\"21280\" class=\"elementor elementor-21280 elementor-9728\" data-elementor-post-type=\"page\">\n\t\t\t\t<div class=\"elementor-element elementor-element-7a0fe4b e-con-full e-flex e-con e-parent\" data-id=\"7a0fe4b\" data-element_type=\"container\">\n\t\t<div class=\"elementor-element elementor-element-2388733 e-con-full e-flex e-con e-child\" data-id=\"2388733\" data-element_type=\"container\" data-settings=\"{&quot;background_background&quot;:&quot;classic&quot;}\">\n\t\t<div class=\"elementor-element elementor-element-8d0715c e-con-full e-flex e-con e-child\" data-id=\"8d0715c\" data-element_type=\"container\" data-settings=\"{&quot;motion_fx_motion_fx_scrolling&quot;:&quot;yes&quot;,&quot;motion_fx_translateY_effect&quot;:&quot;yes&quot;,&quot;motion_fx_translateY_speed&quot;:{&quot;unit&quot;:&quot;px&quot;,&quot;size&quot;:2,&quot;sizes&quot;:[]},&quot;motion_fx_translateY_affectedRange&quot;:{&quot;unit&quot;:&quot;%&quot;,&quot;size&quot;:&quot;&quot;,&quot;sizes&quot;:{&quot;start&quot;:0,&quot;end&quot;:100}},&quot;motion_fx_devices&quot;:[&quot;desktop&quot;,&quot;laptop&quot;,&quot;tablet_extra&quot;,&quot;tablet&quot;,&quot;mobile&quot;]}\">\n\t\t\t\t<div class=\"elementor-element elementor-element-ee78305 animated-slow elementor-invisible elementor-widget elementor-widget-heading\" data-id=\"ee78305\" data-element_type=\"widget\" data-settings=\"{&quot;_animation&quot;:&quot;fadeIn&quot;,&quot;_animation_delay&quot;:500}\" data-widget_type=\"heading.default\">\n\t\t\t\t<div class=\"elementor-widget-container\">\n\t\t\t<h1 class=\"elementor-heading-title elementor-size-default\">DESMOID-TUMOREN <\/h1>\t\t<\/div>\n\t\t\t\t<\/div>\n\t\t\t\t<div class=\"elementor-element elementor-element-30e65f9 animated-slow gradient-tex elementor-invisible elementor-widget elementor-widget-heading\" data-id=\"30e65f9\" data-element_type=\"widget\" data-settings=\"{&quot;_animation&quot;:&quot;fadeIn&quot;,&quot;_animation_delay&quot;:500}\" data-widget_type=\"heading.default\">\n\t\t\t\t<div class=\"elementor-widget-container\">\n\t\t\t<h1 class=\"elementor-heading-title elementor-size-default\">NEU BETRACHTEN.<\/h1>\t\t<\/div>\n\t\t\t\t<\/div>\n\t\t\t\t<div class=\"elementor-element elementor-element-fd258c4 animated-slow elementor-invisible elementor-widget elementor-widget-heading\" data-id=\"fd258c4\" data-element_type=\"widget\" data-settings=\"{&quot;_animation&quot;:&quot;fadeIn&quot;,&quot;_animation_delay&quot;:500}\" data-widget_type=\"heading.default\">\n\t\t\t\t<div class=\"elementor-widget-container\">\n\t\t\t<h1 class=\"elementor-heading-title elementor-size-default\">GEMEINSAM.<\/h1>\t\t<\/div>\n\t\t\t\t<\/div>\n\t\t<div class=\"elementor-element elementor-element-d1eb24e e-flex e-con-boxed elementor-invisible e-con e-child\" data-id=\"d1eb24e\" data-element_type=\"container\" data-settings=\"{&quot;animation&quot;:&quot;fadeInDown&quot;,&quot;animation_delay&quot;:850}\">\n\t\t\t\t\t<div class=\"e-con-inner\">\n\t\t\t\t<div class=\"elementor-element elementor-element-0ebbfe6 elementor-widget__width-auto elementor-widget elementor-widget-heading\" data-id=\"0ebbfe6\" data-element_type=\"widget\" data-widget_type=\"heading.default\">\n\t\t\t\t<div class=\"elementor-widget-container\">\n\t\t\t<h3 class=\"elementor-heading-title elementor-size-default\">Treten Sie unserer Expertenplattform bei, um die Diagnose und Behandlung von Desmoid-Tumoren zu verbessern, \u00fcber wissenschaftliche Fortschritte informiert zu bleiben und aktuelle Behandlungsleitlinien zu erhalten.<\/h3>\t\t<\/div>\n\t\t\t\t<\/div>\n\t\t\t\t\t<\/div>\n\t\t\t\t<\/div>\n\t\t\t\t<\/div>\n\t\t\t\t<\/div>\n\t\t<div class=\"elementor-element elementor-element-08e42f3 e-con-full e-flex e-con e-child\" data-id=\"08e42f3\" data-element_type=\"container\">\n\t\t\t\t<div class=\"elementor-element elementor-element-8f891e9 elementor-absolute elementor-widget elementor-widget-spacer\" data-id=\"8f891e9\" data-element_type=\"widget\" data-settings=\"{&quot;_position&quot;:&quot;absolute&quot;}\" data-widget_type=\"spacer.default\">\n\t\t\t\t<div class=\"elementor-widget-container\">\n\t\t\t\t\t<div class=\"elementor-spacer\">\n\t\t\t<div class=\"elementor-spacer-inner\"><\/div>\n\t\t<\/div>\n\t\t\t\t<\/div>\n\t\t\t\t<\/div>\n\t\t\t\t<\/div>\n\t\t\t\t<\/div>\n\t\t<div class=\"elementor-element elementor-element-3020e59 e-con-full e-flex e-con e-child\" data-id=\"3020e59\" data-element_type=\"container\">\n\t\t\t\t<\/div>\n\t\t<div class=\"elementor-element elementor-element-a7ba6cb e-grid e-con-boxed e-con e-parent\" data-id=\"a7ba6cb\" data-element_type=\"container\">\n\t\t\t\t\t<div class=\"e-con-inner\">\n\t\t<div class=\"elementor-element elementor-element-fad0ae7 e-con-full e-flex e-con e-child\" data-id=\"fad0ae7\" data-element_type=\"container\">\n\t\t\t\t<div class=\"elementor-element elementor-element-6eeb7b8 animated-slow content-align-left the7-hover-visibility-disabled transform-overlay-yes elementor-invisible elementor-widget elementor-widget-the7-image-widget\" data-id=\"6eeb7b8\" data-element_type=\"widget\" data-settings=\"{&quot;_animation&quot;:&quot;fadeIn&quot;,&quot;hover_visibility&quot;:&quot;disabled&quot;}\" data-widget_type=\"the7-image-widget.default\">\n\t\t\t\t<div class=\"elementor-widget-container\">\n\t\t\t<div class=\"the7-image-container\"><div class=\"the7-image-wrapper the7-elementor-widget the7-transform-container\"><a class=\"post-thumbnail-rollover img-css-resize-wrapper\" href=\"https:\/\/www.desmoidtumours.eu\/de\/\"><img fetchpriority=\"high\" decoding=\"async\" width=\"495\" height=\"379\" src=\"https:\/\/www.desmoidtumours.eu\/wp-content\/uploads\/2025\/04\/Perspektiven-von-Experten.svg\" class=\"attachment-medium_large size-medium_large preload-me aspect the7-svg-image\" alt=\"\" \/><\/a><\/div><\/div>\t\t<\/div>\n\t\t\t\t<\/div>\n\t\t\t\t<div class=\"elementor-element elementor-element-7d222372 perspektiven elementor-widget elementor-widget-the7-heading\" data-id=\"7d222372\" data-element_type=\"widget\" data-widget_type=\"the7-heading.default\">\n\t\t\t\t<div class=\"elementor-widget-container\">\n\t\t\t<h4 class=\"the7-heading-title elementor-size-default\"><a href=\"\/de\/anmeldung\/\">Perspektiven von Experten<\/a><\/h4>\t\t<\/div>\n\t\t\t\t<\/div>\n\t\t\t\t<div class=\"elementor-element elementor-element-5a16be60 mh-100 elementor-widget elementor-widget-text-editor\" data-id=\"5a16be60\" data-element_type=\"widget\" data-widget_type=\"text-editor.default\">\n\t\t\t\t<div class=\"elementor-widget-container\">\n\t\t\t\t\t\t\tErhalten Sie wertvolle Einblicke von Desmoid-Tumor-Experten f\u00fcr Ihre klinische Praxis.\t\t\t\t\t\t<\/div>\n\t\t\t\t<\/div>\n\t\t\t\t<\/div>\n\t\t<div class=\"elementor-element elementor-element-5f9ba9d e-con-full e-flex e-con e-child\" data-id=\"5f9ba9d\" data-element_type=\"container\">\n\t\t\t\t<div class=\"elementor-element elementor-element-0a0d475 animated-slow content-align-left the7-hover-visibility-disabled transform-overlay-yes elementor-invisible elementor-widget elementor-widget-the7-image-widget\" data-id=\"0a0d475\" data-element_type=\"widget\" data-settings=\"{&quot;the7_overlay_template&quot;:13691,&quot;_animation&quot;:&quot;fadeIn&quot;,&quot;hover_visibility&quot;:&quot;disabled&quot;}\" data-widget_type=\"the7-image-widget.default\">\n\t\t\t\t<div class=\"elementor-widget-container\">\n\t\t\t<div class=\"the7-image-container\"><div class=\"the7-image-wrapper the7-elementor-widget the7-transform-container\"><a class=\"post-thumbnail-rollover img-css-resize-wrapper the7-overlay-container\" href=\"https:\/\/www.desmoidtumours.eu\/de\/\"><img decoding=\"async\" width=\"493\" height=\"379\" src=\"https:\/\/www.desmoidtumours.eu\/wp-content\/uploads\/2025\/04\/Bevorstehende-Kongresse.svg\" class=\"attachment-medium_large size-medium_large preload-me aspect the7-svg-image\" alt=\"\" \/>\t\t<div data-elementor-type=\"the7-overlay-template\" data-elementor-id=\"13691\" class=\"elementor elementor-13691 the7-overlay-content the7-overlay-item-21280\" data-elementor-post-type=\"elementor_library\" data-custom-edit-handle=\"1\">\n\t\t\t\t\t\t<div class=\"elementor-element elementor-element-665f957 e-flex e-con-boxed e-con e-parent\" data-id=\"665f957\" data-element_type=\"container\">\n\t\t\t\t\t<div class=\"e-con-inner\">\n\t\t\t\t<div class=\"elementor-element elementor-element-bdd3924 elementor-align-center elementor-widget elementor-widget-the7_icon_widget\" data-id=\"bdd3924\" data-element_type=\"widget\" data-widget_type=\"the7_icon_widget.default\">\n\t\t\t\t<div class=\"elementor-widget-container\">\n\t\t\t<div class=\"the7-icon-wrapper the7-elementor-widget\"><div class=\"elementor-icon\"><svg xmlns=\"http:\/\/www.w3.org\/2000\/svg\" viewBox=\"0 0 24 24\" width=\"48\" height=\"48\" fill=\"currentColor\"><path d=\"M5 10C3.9 10 3 10.9 3 12C3 13.1 3.9 14 5 14C6.1 14 7 13.1 7 12C7 10.9 6.1 10 5 10ZM19 10C17.9 10 17 10.9 17 12C17 13.1 17.9 14 19 14C20.1 14 21 13.1 21 12C21 10.9 20.1 10 19 10ZM12 10C10.9 10 10 10.9 10 12C10 13.1 10.9 14 12 14C13.1 14 14 13.1 14 12C14 10.9 13.1 10 12 10Z\"><\/path><\/svg><\/div><\/div>\t\t<\/div>\n\t\t\t\t<\/div>\n\t\t\t\t\t<\/div>\n\t\t\t\t<\/div>\n\t\t\t\t<\/div>\n\t\t<\/a><\/div><\/div>\t\t<\/div>\n\t\t\t\t<\/div>\n\t\t\t\t<div class=\"elementor-element elementor-element-c9a6253 bevorstehende elementor-widget elementor-widget-the7-heading\" data-id=\"c9a6253\" data-element_type=\"widget\" data-widget_type=\"the7-heading.default\">\n\t\t\t\t<div class=\"elementor-widget-container\">\n\t\t\t<h4 class=\"the7-heading-title elementor-size-default\"><a href=\"\/de\/anmeldung\/\">Bevorstehende Kongresse<\/a><\/h4>\t\t<\/div>\n\t\t\t\t<\/div>\n\t\t\t\t<div class=\"elementor-element elementor-element-93ee84a mh-100 elementor-widget elementor-widget-text-editor\" data-id=\"93ee84a\" data-element_type=\"widget\" data-widget_type=\"text-editor.default\">\n\t\t\t\t<div class=\"elementor-widget-container\">\n\t\t\t\t\t\t\tErfahren Sie mehr \u00fcber Symposien, in denen neueste Erkenntnisse diskutiert werden.\t\t\t\t\t\t<\/div>\n\t\t\t\t<\/div>\n\t\t\t\t<\/div>\n\t\t<div class=\"elementor-element elementor-element-a30a56b e-con-full e-flex e-con e-child\" data-id=\"a30a56b\" data-element_type=\"container\">\n\t\t\t\t<div class=\"elementor-element elementor-element-7a47585 animated-slow content-align-left the7-hover-visibility-disabled transform-overlay-yes elementor-invisible elementor-widget elementor-widget-the7-image-widget\" data-id=\"7a47585\" data-element_type=\"widget\" data-settings=\"{&quot;the7_overlay_template&quot;:13691,&quot;_animation&quot;:&quot;fadeIn&quot;,&quot;hover_visibility&quot;:&quot;disabled&quot;}\" data-widget_type=\"the7-image-widget.default\">\n\t\t\t\t<div class=\"elementor-widget-container\">\n\t\t\t<div class=\"the7-image-container\"><div class=\"the7-image-wrapper the7-elementor-widget the7-transform-container\"><a class=\"post-thumbnail-rollover img-css-resize-wrapper the7-overlay-container\" href=\"https:\/\/www.desmoidtumours.eu\/de\/\"><img decoding=\"async\" width=\"495\" height=\"379\" src=\"https:\/\/www.desmoidtumours.eu\/wp-content\/uploads\/2025\/04\/Neuigkeiten-zu-Desmoid-Tumouren.svg\" class=\"attachment-medium_large size-medium_large preload-me aspect the7-svg-image\" alt=\"\" \/>\t\t<div data-elementor-type=\"the7-overlay-template\" data-elementor-id=\"13691\" class=\"elementor elementor-13691 the7-overlay-content the7-overlay-item-21280\" data-elementor-post-type=\"elementor_library\" data-custom-edit-handle=\"1\">\n\t\t\t\t\t\t<div class=\"elementor-element elementor-element-665f957 e-flex e-con-boxed e-con e-parent\" data-id=\"665f957\" data-element_type=\"container\">\n\t\t\t\t\t<div class=\"e-con-inner\">\n\t\t\t\t<div class=\"elementor-element elementor-element-bdd3924 elementor-align-center elementor-widget elementor-widget-the7_icon_widget\" data-id=\"bdd3924\" data-element_type=\"widget\" data-widget_type=\"the7_icon_widget.default\">\n\t\t\t\t<div class=\"elementor-widget-container\">\n\t\t\t<div class=\"the7-icon-wrapper the7-elementor-widget\"><div class=\"elementor-icon\"><svg xmlns=\"http:\/\/www.w3.org\/2000\/svg\" viewBox=\"0 0 24 24\" width=\"48\" height=\"48\" fill=\"currentColor\"><path d=\"M5 10C3.9 10 3 10.9 3 12C3 13.1 3.9 14 5 14C6.1 14 7 13.1 7 12C7 10.9 6.1 10 5 10ZM19 10C17.9 10 17 10.9 17 12C17 13.1 17.9 14 19 14C20.1 14 21 13.1 21 12C21 10.9 20.1 10 19 10ZM12 10C10.9 10 10 10.9 10 12C10 13.1 10.9 14 12 14C13.1 14 14 13.1 14 12C14 10.9 13.1 10 12 10Z\"><\/path><\/svg><\/div><\/div>\t\t<\/div>\n\t\t\t\t<\/div>\n\t\t\t\t\t<\/div>\n\t\t\t\t<\/div>\n\t\t\t\t<\/div>\n\t\t<\/a><\/div><\/div>\t\t<\/div>\n\t\t\t\t<\/div>\n\t\t\t\t<div class=\"elementor-element elementor-element-e1d6e47 neuigkeiten elementor-widget elementor-widget-the7-heading\" data-id=\"e1d6e47\" data-element_type=\"widget\" data-widget_type=\"the7-heading.default\">\n\t\t\t\t<div class=\"elementor-widget-container\">\n\t\t\t<h4 class=\"the7-heading-title elementor-size-default\"><a href=\"\/de\/anmeldung\/\">Neuigkeiten zu Desmoid-Tumoren<\/a><\/h4>\t\t<\/div>\n\t\t\t\t<\/div>\n\t\t\t\t<div class=\"elementor-element elementor-element-6325d7f mh-100 elementor-widget elementor-widget-text-editor\" data-id=\"6325d7f\" data-element_type=\"widget\" data-widget_type=\"text-editor.default\">\n\t\t\t\t<div class=\"elementor-widget-container\">\n\t\t\t\t\t\t\t<p>Entdecken Sie aktuelle Leitlinien\u00e4nderungen und neue Behandlungskonzepte.<\/p>\t\t\t\t\t\t<\/div>\n\t\t\t\t<\/div>\n\t\t\t\t<\/div>\n\t\t\t\t\t<\/div>\n\t\t\t\t<\/div>\n\t\t<div class=\"elementor-element elementor-element-4132a943 e-con-full e-flex e-con e-child\" data-id=\"4132a943\" data-element_type=\"container\" data-settings=\"{&quot;background_background&quot;:&quot;classic&quot;}\">\n\t\t<div class=\"elementor-element elementor-element-20601e8f e-flex e-con-boxed e-con e-child\" data-id=\"20601e8f\" data-element_type=\"container\">\n\t\t\t\t\t<div class=\"e-con-inner\">\n\t\t<div class=\"elementor-element elementor-element-6d8d63b2 e-con-full e-flex e-con e-child\" data-id=\"6d8d63b2\" data-element_type=\"container\">\n\t\t\t\t<div class=\"elementor-element elementor-element-52de0286 elementor-widget-tablet__width-inherit elementor-widget elementor-widget-the7-heading\" data-id=\"52de0286\" data-element_type=\"widget\" data-widget_type=\"the7-heading.default\">\n\t\t\t\t<div class=\"elementor-widget-container\">\n\t\t\t<h2 class=\"the7-heading-title elementor-size-default\">Registrieren Sie sich auf unserer Expertenplattform<\/h2>\t\t<\/div>\n\t\t\t\t<\/div>\n\t\t\t\t<div class=\"elementor-element elementor-element-75d3c5f5 elementor-widget-tablet__width-inherit elementor-widget elementor-widget-the7-heading\" data-id=\"75d3c5f5\" data-element_type=\"widget\" data-widget_type=\"the7-heading.default\">\n\t\t\t\t<div class=\"elementor-widget-container\">\n\t\t\t<h4 class=\"the7-heading-title elementor-size-default\">Erhalten Sie exklusive Inhalte von renommierten Experten und bleiben Sie \u00fcber Desmoid-Tumoren informiert.<\/h4>\t\t<\/div>\n\t\t\t\t<\/div>\n\t\t\t\t<div class=\"elementor-element elementor-element-4ebe19a1 elementor-align-center jetzt_anmelden elementor-widget elementor-widget-the7_button_widget\" data-id=\"4ebe19a1\" data-element_type=\"widget\" data-widget_type=\"the7_button_widget.default\">\n\t\t\t\t<div class=\"elementor-widget-container\">\n\t\t\t<div class=\"elementor-button-wrapper\"><a href=\"\/de\/anmeldung\/\" class=\"box-button elementor-button elementor-size-md\">Jetzt anmelden<\/a><\/div>\t\t<\/div>\n\t\t\t\t<\/div>\n\t\t\t\t<\/div>\n\t\t\t\t\t<\/div>\n\t\t\t\t<\/div>\n\t\t\t\t<\/div>\n\t\t\t\t<\/div>\n\t\t","protected":false},"excerpt":{"rendered":"<p>DESMOID-TUMOREN NEU BETRACHTEN. GEMEINSAM. Treten Sie unserer Expertenplattform bei, um die Diagnose und Behandlung von Desmoid-Tumoren zu verbessern, \u00fcber wissenschaftliche Fortschritte informiert zu bleiben und aktuelle Behandlungsleitlinien zu erhalten. Perspektiven von Experten Erhalten Sie wertvolle Einblicke von Desmoid-Tumor-Experten f\u00fcr Ihre klinische Praxis. Bevorstehende Kongresse Erfahren Sie mehr \u00fcber Symposien, in denen neueste Erkenntnisse diskutiert werden.&hellip;<\/p>\n","protected":false},"author":4,"featured_media":0,"parent":0,"menu_order":1,"comment_status":"closed","ping_status":"closed","template":"elementor_header_footer","meta":{"_acf_changed":false,"footnotes":""},"class_list":["post-21280","page","type-page","status-publish","hentry"],"acf":[],"yoast_head":"<!-- This site is optimized with the Yoast SEO plugin v24.6 - https:\/\/yoast.com\/wordpress\/plugins\/seo\/ -->\n<title>Desmoid-Tumoren | SpringWorks Therapeutics<\/title>\n<meta name=\"description\" content=\"Eine hilfreiche Ressource in Bezug auf Desmoid-Tumoren f\u00fcr Gesundheitsfachkr\u00e4fte (HCPs). Erhalten Sie Zugang zu Informationen \u00fcber Erkrankungen, Expertenvideos und empfohlenen Leitlinienen.\" \/>\n<meta name=\"robots\" content=\"index, follow, max-snippet:-1, max-image-preview:large, max-video-preview:-1\" \/>\n<link rel=\"canonical\" href=\"https:\/\/www.desmoidtumours.eu\/de\/\" \/>\n<meta property=\"og:locale\" content=\"de_DE\" \/>\n<meta property=\"og:type\" content=\"article\" \/>\n<meta property=\"og:title\" content=\"Desmoid-Tumoren | SpringWorks Therapeutics\" \/>\n<meta property=\"og:description\" content=\"Eine hilfreiche Ressource in Bezug auf Desmoid-Tumoren f\u00fcr Gesundheitsfachkr\u00e4fte (HCPs). Erhalten Sie Zugang zu Informationen \u00fcber Erkrankungen, Expertenvideos und empfohlenen Leitlinienen.\" \/>\n<meta property=\"og:url\" content=\"https:\/\/www.desmoidtumours.eu\/de\/\" \/>\n<meta property=\"og:site_name\" content=\"Springworks\" \/>\n<meta property=\"article:modified_time\" content=\"2025-04-24T13:45:44+00:00\" \/>\n<meta property=\"og:image\" content=\"https:\/\/www.desmoidtumours.eu\/wp-content\/uploads\/2025\/04\/Perspektiven-von-Experten.svg\" \/>\n<meta name=\"twitter:card\" content=\"summary_large_image\" \/>\n<meta name=\"twitter:label1\" content=\"Gesch\u00e4tzte Lesezeit\" \/>\n\t<meta name=\"twitter:data1\" content=\"2\u00a0Minuten\" \/>\n<script type=\"application\/ld+json\" class=\"yoast-schema-graph\">{\"@context\":\"https:\/\/schema.org\",\"@graph\":[{\"@type\":\"WebPage\",\"@id\":\"https:\/\/www.desmoidtumours.eu\/de\/\",\"url\":\"https:\/\/www.desmoidtumours.eu\/de\/\",\"name\":\"Desmoid-Tumoren | SpringWorks Therapeutics\",\"isPartOf\":{\"@id\":\"https:\/\/www.desmoidtumours.eu\/de\/#website\"},\"primaryImageOfPage\":{\"@id\":\"https:\/\/www.desmoidtumours.eu\/de\/#primaryimage\"},\"image\":{\"@id\":\"https:\/\/www.desmoidtumours.eu\/de\/#primaryimage\"},\"thumbnailUrl\":\"https:\/\/www.desmoidtumours.eu\/wp-content\/uploads\/2025\/04\/Perspektiven-von-Experten.svg\",\"datePublished\":\"2022-12-14T18:48:48+00:00\",\"dateModified\":\"2025-04-24T13:45:44+00:00\",\"description\":\"Eine hilfreiche Ressource in Bezug auf Desmoid-Tumoren f\u00fcr Gesundheitsfachkr\u00e4fte (HCPs). Erhalten Sie Zugang zu Informationen \u00fcber Erkrankungen, Expertenvideos und empfohlenen Leitlinienen.\",\"breadcrumb\":{\"@id\":\"https:\/\/www.desmoidtumours.eu\/de\/#breadcrumb\"},\"inLanguage\":\"de\",\"potentialAction\":[{\"@type\":\"ReadAction\",\"target\":[\"https:\/\/www.desmoidtumours.eu\/de\/\"]}]},{\"@type\":\"ImageObject\",\"inLanguage\":\"de\",\"@id\":\"https:\/\/www.desmoidtumours.eu\/de\/#primaryimage\",\"url\":\"https:\/\/www.desmoidtumours.eu\/wp-content\/uploads\/2025\/04\/Perspektiven-von-Experten.svg\",\"contentUrl\":\"https:\/\/www.desmoidtumours.eu\/wp-content\/uploads\/2025\/04\/Perspektiven-von-Experten.svg\"},{\"@type\":\"BreadcrumbList\",\"@id\":\"https:\/\/www.desmoidtumours.eu\/de\/#breadcrumb\",\"itemListElement\":[{\"@type\":\"ListItem\",\"position\":1,\"name\":\"Home\",\"item\":\"https:\/\/www.desmoidtumours.eu\/de\/\"},{\"@type\":\"ListItem\",\"position\":2,\"name\":\"Startseite\"}]},{\"@type\":\"WebSite\",\"@id\":\"https:\/\/www.desmoidtumours.eu\/de\/#website\",\"url\":\"https:\/\/www.desmoidtumours.eu\/de\/\",\"name\":\"Springworks\",\"description\":\"Desmoid Tumours\",\"publisher\":{\"@id\":\"https:\/\/www.desmoidtumours.eu\/de\/#organization\"},\"potentialAction\":[{\"@type\":\"SearchAction\",\"target\":{\"@type\":\"EntryPoint\",\"urlTemplate\":\"https:\/\/www.desmoidtumours.eu\/de\/?s={search_term_string}\"},\"query-input\":{\"@type\":\"PropertyValueSpecification\",\"valueRequired\":true,\"valueName\":\"search_term_string\"}}],\"inLanguage\":\"de\"},{\"@type\":\"Organization\",\"@id\":\"https:\/\/www.desmoidtumours.eu\/de\/#organization\",\"name\":\"Springworks\",\"url\":\"https:\/\/www.desmoidtumours.eu\/de\/\",\"logo\":{\"@type\":\"ImageObject\",\"inLanguage\":\"de\",\"@id\":\"https:\/\/www.desmoidtumours.eu\/de\/#\/schema\/logo\/image\/\",\"url\":\"https:\/\/www.desmoidtumours.eu\/wp-content\/uploads\/2024\/07\/SWTX_Logo_White.svg\",\"contentUrl\":\"https:\/\/www.desmoidtumours.eu\/wp-content\/uploads\/2024\/07\/SWTX_Logo_White.svg\",\"caption\":\"Springworks\"},\"image\":{\"@id\":\"https:\/\/www.desmoidtumours.eu\/de\/#\/schema\/logo\/image\/\"}}]}<\/script>\n<!-- \/ Yoast SEO plugin. -->","yoast_head_json":{"title":"Desmoid-Tumoren | SpringWorks Therapeutics","description":"Eine hilfreiche Ressource in Bezug auf Desmoid-Tumoren f\u00fcr Gesundheitsfachkr\u00e4fte (HCPs). Erhalten Sie Zugang zu Informationen \u00fcber Erkrankungen, Expertenvideos und empfohlenen Leitlinienen.","robots":{"index":"index","follow":"follow","max-snippet":"max-snippet:-1","max-image-preview":"max-image-preview:large","max-video-preview":"max-video-preview:-1"},"canonical":"https:\/\/www.desmoidtumours.eu\/de\/","og_locale":"de_DE","og_type":"article","og_title":"Desmoid-Tumoren | SpringWorks Therapeutics","og_description":"Eine hilfreiche Ressource in Bezug auf Desmoid-Tumoren f\u00fcr Gesundheitsfachkr\u00e4fte (HCPs). Erhalten Sie Zugang zu Informationen \u00fcber Erkrankungen, Expertenvideos und empfohlenen Leitlinienen.","og_url":"https:\/\/www.desmoidtumours.eu\/de\/","og_site_name":"Springworks","article_modified_time":"2025-04-24T13:45:44+00:00","og_image":[{"url":"https:\/\/www.desmoidtumours.eu\/wp-content\/uploads\/2025\/04\/Perspektiven-von-Experten.svg","type":"","width":"","height":""}],"twitter_card":"summary_large_image","twitter_misc":{"Gesch\u00e4tzte Lesezeit":"2\u00a0Minuten"},"schema":{"@context":"https:\/\/schema.org","@graph":[{"@type":"WebPage","@id":"https:\/\/www.desmoidtumours.eu\/de\/","url":"https:\/\/www.desmoidtumours.eu\/de\/","name":"Desmoid-Tumoren | SpringWorks Therapeutics","isPartOf":{"@id":"https:\/\/www.desmoidtumours.eu\/de\/#website"},"primaryImageOfPage":{"@id":"https:\/\/www.desmoidtumours.eu\/de\/#primaryimage"},"image":{"@id":"https:\/\/www.desmoidtumours.eu\/de\/#primaryimage"},"thumbnailUrl":"https:\/\/www.desmoidtumours.eu\/wp-content\/uploads\/2025\/04\/Perspektiven-von-Experten.svg","datePublished":"2022-12-14T18:48:48+00:00","dateModified":"2025-04-24T13:45:44+00:00","description":"Eine hilfreiche Ressource in Bezug auf Desmoid-Tumoren f\u00fcr Gesundheitsfachkr\u00e4fte (HCPs). Erhalten Sie Zugang zu Informationen \u00fcber Erkrankungen, Expertenvideos und empfohlenen Leitlinienen.","breadcrumb":{"@id":"https:\/\/www.desmoidtumours.eu\/de\/#breadcrumb"},"inLanguage":"de","potentialAction":[{"@type":"ReadAction","target":["https:\/\/www.desmoidtumours.eu\/de\/"]}]},{"@type":"ImageObject","inLanguage":"de","@id":"https:\/\/www.desmoidtumours.eu\/de\/#primaryimage","url":"https:\/\/www.desmoidtumours.eu\/wp-content\/uploads\/2025\/04\/Perspektiven-von-Experten.svg","contentUrl":"https:\/\/www.desmoidtumours.eu\/wp-content\/uploads\/2025\/04\/Perspektiven-von-Experten.svg"},{"@type":"BreadcrumbList","@id":"https:\/\/www.desmoidtumours.eu\/de\/#breadcrumb","itemListElement":[{"@type":"ListItem","position":1,"name":"Home","item":"https:\/\/www.desmoidtumours.eu\/de\/"},{"@type":"ListItem","position":2,"name":"Startseite"}]},{"@type":"WebSite","@id":"https:\/\/www.desmoidtumours.eu\/de\/#website","url":"https:\/\/www.desmoidtumours.eu\/de\/","name":"Springworks","description":"Desmoid Tumours","publisher":{"@id":"https:\/\/www.desmoidtumours.eu\/de\/#organization"},"potentialAction":[{"@type":"SearchAction","target":{"@type":"EntryPoint","urlTemplate":"https:\/\/www.desmoidtumours.eu\/de\/?s={search_term_string}"},"query-input":{"@type":"PropertyValueSpecification","valueRequired":true,"valueName":"search_term_string"}}],"inLanguage":"de"},{"@type":"Organization","@id":"https:\/\/www.desmoidtumours.eu\/de\/#organization","name":"Springworks","url":"https:\/\/www.desmoidtumours.eu\/de\/","logo":{"@type":"ImageObject","inLanguage":"de","@id":"https:\/\/www.desmoidtumours.eu\/de\/#\/schema\/logo\/image\/","url":"https:\/\/www.desmoidtumours.eu\/wp-content\/uploads\/2024\/07\/SWTX_Logo_White.svg","contentUrl":"https:\/\/www.desmoidtumours.eu\/wp-content\/uploads\/2024\/07\/SWTX_Logo_White.svg","caption":"Springworks"},"image":{"@id":"https:\/\/www.desmoidtumours.eu\/de\/#\/schema\/logo\/image\/"}}]}},"featured_image_src":null,"featured_image_src_square":null,"_links":{"self":[{"href":"https:\/\/www.desmoidtumours.eu\/de\/wp-json\/wp\/v2\/pages\/21280","targetHints":{"allow":["GET"]}}],"collection":[{"href":"https:\/\/www.desmoidtumours.eu\/de\/wp-json\/wp\/v2\/pages"}],"about":[{"href":"https:\/\/www.desmoidtumours.eu\/de\/wp-json\/wp\/v2\/types\/page"}],"author":[{"embeddable":true,"href":"https:\/\/www.desmoidtumours.eu\/de\/wp-json\/wp\/v2\/users\/4"}],"replies":[{"embeddable":true,"href":"https:\/\/www.desmoidtumours.eu\/de\/wp-json\/wp\/v2\/comments?post=21280"}],"version-history":[{"count":0,"href":"https:\/\/www.desmoidtumours.eu\/de\/wp-json\/wp\/v2\/pages\/21280\/revisions"}],"wp:attachment":[{"href":"https:\/\/www.desmoidtumours.eu\/de\/wp-json\/wp\/v2\/media?parent=21280"}],"curies":[{"name":"wp","href":"https:\/\/api.w.org\/{rel}","templated":true}]}}