{"id":21485,"date":"2025-03-05T10:20:47","date_gmt":"2025-03-05T10:20:47","guid":{"rendered":"https:\/\/site-euspringworks-live-1721707192-jq9cikhfcu2uwhr.local\/doccheck-signin\/"},"modified":"2025-03-19T14:34:00","modified_gmt":"2025-03-19T14:34:00","slug":"anmeldung","status":"publish","type":"page","link":"https:\/\/www.desmoidtumours.eu\/de\/anmeldung\/","title":{"rendered":"Anmeldung"},"content":{"rendered":"\t\t<div data-elementor-type=\"wp-page\" data-elementor-id=\"21485\" class=\"elementor elementor-21485 elementor-21440\" data-elementor-post-type=\"page\">\n\t\t\t\t<div class=\"elementor-element elementor-element-765307d e-flex e-con-boxed e-con e-parent\" data-id=\"765307d\" data-element_type=\"container\">\n\t\t\t\t\t<div class=\"e-con-inner\">\n\t\t\t\t<div class=\"elementor-element elementor-element-5ff9410 elementor-widget elementor-widget-spacer\" data-id=\"5ff9410\" data-element_type=\"widget\" data-widget_type=\"spacer.default\">\n\t\t\t\t<div class=\"elementor-widget-container\">\n\t\t\t\t\t<div class=\"elementor-spacer\">\n\t\t\t<div class=\"elementor-spacer-inner\"><\/div>\n\t\t<\/div>\n\t\t\t\t<\/div>\n\t\t\t\t<\/div>\n\t\t<div class=\"elementor-element elementor-element-4254100 e-con-full e-flex e-con e-child\" data-id=\"4254100\" data-element_type=\"container\">\n\t\t\t\t<div class=\"elementor-element elementor-element-2d90a42 elementor-widget elementor-widget-text-editor\" data-id=\"2d90a42\" data-element_type=\"widget\" data-widget_type=\"text-editor.default\">\n\t\t\t\t<div class=\"elementor-widget-container\">\n\t\t\t\t\t\t\t<p><\/p><div id=\"cont-doccheck-login-form\">\r\n        <div class=\"auth-form\">\r\n            <div class=\"auth-form-header\">\r\n                <img decoding=\"async\" class=\"auth-form-logo\" src=\"\/wp-content\/uploads\/2025\/02\/doc-check-logo.png\">\r\n                <h1>Anmeldung f\u00fcr Updates <\/h1>\r\n            <\/div>\r\n            <div class=\"auth-form-body\">\r\n                <form method=\"post\" action=\"https:\/\/login.doccheck.com\" id=\"doccheck_login_form\" class=\"doccheck_login_form\">\r\n                    <input type=\"hidden\" name=\"return_uri\" value=\"https:\/\/www.desmoidtumours.eu\/de\/anmeldung-abschliessen\/\">\r\n                    <input type=\"hidden\" name=\"login_id\" value=\"2000000022099\">\r\n                    <input type=\"hidden\" name=\"target_page\" value=\"1\">\r\n                    <input type=\"hidden\" name=\"strDcLanguage\" value=\"de_DE\">\r\n                    <input type=\"hidden\" name=\"m\" value=\"\">\r\n                    <!--input type=\"hidden\" name=\"intDcLanguageId\" value=\"134\"-->\r\n                   \r\n                    <div class=\"mb-5\">\r\n                        <p>\r\n                            Bitte authentifizieren Sie sich \u00fcber DocCheck als Angeh\u00f6rige(r) medizinischen Fachpersonals, um aktuelle Informationen \u00fcber Desmoid-Tumoren von uns per E-Mail zu erhalten.<br \/>\r\nDer gew\u00fcnschte Inhalt richtet sich an Fachkreise. \r\n                        <\/p>\r\n                    <\/div>\r\n                    <div>\r\n                        <label class=\"form-label\" for=\"username\">Benutzername<\/label>\r\n                        <input type=\"text\" name=\"username\" id=\"email\" value=\"\" placeholder=\"Ihr DocCheck Nutzername\" required>\r\n                    <\/div>\r\n                    <div>\r\n                        <label class=\"form-label\" for=\"password\">Passwort<\/label>\r\n                        <input type=\"password\" name=\"password\" id=\"password\" value=\"\" placeholder=\"Ihr DocCheck Passwort\" required>\r\n                    <\/div>\r\n                    \r\n                    <input type=\"hidden\" id=\"doccheck_login_nonce\" name=\"doccheck_login_nonce\" value=\"7e1bf737e0\" \/><input type=\"hidden\" name=\"_wp_http_referer\" value=\"\/de\/wp-json\/wp\/v2\/pages\/21485\" \/>                    <div class=\"mt-3 footer-button\">\r\n                        <a class=\"button button--default\" href=\"https:\/\/www.doccheck.com\/reset-password-request\">Passwort vergessen?<\/a>\r\n                        <button type=\"submit\" class=\"button button--default submit-bottom-doccheck\" name=\"doccheck_login\">DocCheck Authentifizierung<\/button>\r\n                    <\/div>\r\n                <\/form>\r\n            <\/div>\r\n        <\/div>\r\n        <div class=\"auth-form-footer\">\r\n                <p>\r\n                    Ich bin noch nicht bei DocCheck registriert.                    <br>\r\n                    Jetzt registrieren und von vielen Vorteilen profitieren.                <\/p>\r\n                <div>\r\n                    <a  class=\"button button--default\" href=\"https:\/\/www.doccheck.com\/register\">Jetzt registrieren<\/a>\r\n                <\/div>\r\n        <\/div>\r\n    <\/div>\t\t\t\t\t\t<\/div>\n\t\t\t\t<\/div>\n\t\t\t\t<\/div>\n\t\t\t\t\t<\/div>\n\t\t\t\t<\/div>\n\t\t\t\t<\/div>\n\t\t","protected":false},"excerpt":{"rendered":"<p>Anmeldung f\u00fcr Updates Bitte authentifizieren Sie sich \u00fcber DocCheck als Angeh\u00f6rige(r) medizinischen Fachpersonals, um aktuelle Informationen \u00fcber Desmoid-Tumoren von uns per E-Mail zu erhalten. Der gew\u00fcnschte Inhalt richtet sich an Fachkreise. Benutzername Passwort Passwort vergessen? DocCheck Authentifizierung Ich bin noch nicht bei DocCheck registriert. Jetzt registrieren und von vielen Vorteilen profitieren. Jetzt registrieren<\/p>\n","protected":false},"author":4,"featured_media":0,"parent":0,"menu_order":0,"comment_status":"closed","ping_status":"closed","template":"elementor_header_footer","meta":{"_acf_changed":true,"footnotes":""},"class_list":["post-21485","page","type-page","status-publish","hentry"],"acf":[],"yoast_head":"<!-- This site is optimized with the Yoast SEO plugin v24.6 - https:\/\/yoast.com\/wordpress\/plugins\/seo\/ -->\n<title>Anmeldung - Springworks<\/title>\n<meta name=\"robots\" content=\"index, follow, max-snippet:-1, max-image-preview:large, max-video-preview:-1\" \/>\n<link rel=\"canonical\" href=\"https:\/\/www.desmoidtumours.eu\/de\/anmeldung\/\" \/>\n<meta property=\"og:locale\" content=\"de_DE\" \/>\n<meta property=\"og:type\" content=\"article\" \/>\n<meta property=\"og:title\" content=\"Anmeldung - Springworks\" \/>\n<meta property=\"og:url\" content=\"https:\/\/www.desmoidtumours.eu\/de\/anmeldung\/\" \/>\n<meta property=\"og:site_name\" content=\"Springworks\" \/>\n<meta property=\"article:modified_time\" content=\"2025-03-19T14:34:00+00:00\" \/>\n<meta name=\"twitter:card\" content=\"summary_large_image\" \/>\n<meta name=\"twitter:label1\" content=\"Gesch\u00e4tzte Lesezeit\" \/>\n\t<meta name=\"twitter:data1\" content=\"1\u00a0Minute\" \/>\n<script type=\"application\/ld+json\" class=\"yoast-schema-graph\">{\"@context\":\"https:\/\/schema.org\",\"@graph\":[{\"@type\":\"WebPage\",\"@id\":\"https:\/\/www.desmoidtumours.eu\/de\/anmeldung\/\",\"url\":\"https:\/\/www.desmoidtumours.eu\/de\/anmeldung\/\",\"name\":\"Anmeldung - Springworks\",\"isPartOf\":{\"@id\":\"https:\/\/www.desmoidtumours.eu\/de\/#website\"},\"datePublished\":\"2025-03-05T10:20:47+00:00\",\"dateModified\":\"2025-03-19T14:34:00+00:00\",\"breadcrumb\":{\"@id\":\"https:\/\/www.desmoidtumours.eu\/de\/anmeldung\/#breadcrumb\"},\"inLanguage\":\"de\",\"potentialAction\":[{\"@type\":\"ReadAction\",\"target\":[\"https:\/\/www.desmoidtumours.eu\/de\/anmeldung\/\"]}]},{\"@type\":\"BreadcrumbList\",\"@id\":\"https:\/\/www.desmoidtumours.eu\/de\/anmeldung\/#breadcrumb\",\"itemListElement\":[{\"@type\":\"ListItem\",\"position\":1,\"name\":\"Home\",\"item\":\"https:\/\/www.desmoidtumours.eu\/de\/\"},{\"@type\":\"ListItem\",\"position\":2,\"name\":\"Anmeldung\"}]},{\"@type\":\"WebSite\",\"@id\":\"https:\/\/www.desmoidtumours.eu\/de\/#website\",\"url\":\"https:\/\/www.desmoidtumours.eu\/de\/\",\"name\":\"Springworks\",\"description\":\"Desmoid Tumours\",\"publisher\":{\"@id\":\"https:\/\/www.desmoidtumours.eu\/de\/#organization\"},\"potentialAction\":[{\"@type\":\"SearchAction\",\"target\":{\"@type\":\"EntryPoint\",\"urlTemplate\":\"https:\/\/www.desmoidtumours.eu\/de\/?s={search_term_string}\"},\"query-input\":{\"@type\":\"PropertyValueSpecification\",\"valueRequired\":true,\"valueName\":\"search_term_string\"}}],\"inLanguage\":\"de\"},{\"@type\":\"Organization\",\"@id\":\"https:\/\/www.desmoidtumours.eu\/de\/#organization\",\"name\":\"Springworks\",\"url\":\"https:\/\/www.desmoidtumours.eu\/de\/\",\"logo\":{\"@type\":\"ImageObject\",\"inLanguage\":\"de\",\"@id\":\"https:\/\/www.desmoidtumours.eu\/de\/#\/schema\/logo\/image\/\",\"url\":\"https:\/\/www.desmoidtumours.eu\/wp-content\/uploads\/2024\/07\/SWTX_Logo_White.svg\",\"contentUrl\":\"https:\/\/www.desmoidtumours.eu\/wp-content\/uploads\/2024\/07\/SWTX_Logo_White.svg\",\"caption\":\"Springworks\"},\"image\":{\"@id\":\"https:\/\/www.desmoidtumours.eu\/de\/#\/schema\/logo\/image\/\"}}]}<\/script>\n<!-- \/ Yoast SEO plugin. -->","yoast_head_json":{"title":"Anmeldung - Springworks","robots":{"index":"index","follow":"follow","max-snippet":"max-snippet:-1","max-image-preview":"max-image-preview:large","max-video-preview":"max-video-preview:-1"},"canonical":"https:\/\/www.desmoidtumours.eu\/de\/anmeldung\/","og_locale":"de_DE","og_type":"article","og_title":"Anmeldung - Springworks","og_url":"https:\/\/www.desmoidtumours.eu\/de\/anmeldung\/","og_site_name":"Springworks","article_modified_time":"2025-03-19T14:34:00+00:00","twitter_card":"summary_large_image","twitter_misc":{"Gesch\u00e4tzte Lesezeit":"1\u00a0Minute"},"schema":{"@context":"https:\/\/schema.org","@graph":[{"@type":"WebPage","@id":"https:\/\/www.desmoidtumours.eu\/de\/anmeldung\/","url":"https:\/\/www.desmoidtumours.eu\/de\/anmeldung\/","name":"Anmeldung - Springworks","isPartOf":{"@id":"https:\/\/www.desmoidtumours.eu\/de\/#website"},"datePublished":"2025-03-05T10:20:47+00:00","dateModified":"2025-03-19T14:34:00+00:00","breadcrumb":{"@id":"https:\/\/www.desmoidtumours.eu\/de\/anmeldung\/#breadcrumb"},"inLanguage":"de","potentialAction":[{"@type":"ReadAction","target":["https:\/\/www.desmoidtumours.eu\/de\/anmeldung\/"]}]},{"@type":"BreadcrumbList","@id":"https:\/\/www.desmoidtumours.eu\/de\/anmeldung\/#breadcrumb","itemListElement":[{"@type":"ListItem","position":1,"name":"Home","item":"https:\/\/www.desmoidtumours.eu\/de\/"},{"@type":"ListItem","position":2,"name":"Anmeldung"}]},{"@type":"WebSite","@id":"https:\/\/www.desmoidtumours.eu\/de\/#website","url":"https:\/\/www.desmoidtumours.eu\/de\/","name":"Springworks","description":"Desmoid Tumours","publisher":{"@id":"https:\/\/www.desmoidtumours.eu\/de\/#organization"},"potentialAction":[{"@type":"SearchAction","target":{"@type":"EntryPoint","urlTemplate":"https:\/\/www.desmoidtumours.eu\/de\/?s={search_term_string}"},"query-input":{"@type":"PropertyValueSpecification","valueRequired":true,"valueName":"search_term_string"}}],"inLanguage":"de"},{"@type":"Organization","@id":"https:\/\/www.desmoidtumours.eu\/de\/#organization","name":"Springworks","url":"https:\/\/www.desmoidtumours.eu\/de\/","logo":{"@type":"ImageObject","inLanguage":"de","@id":"https:\/\/www.desmoidtumours.eu\/de\/#\/schema\/logo\/image\/","url":"https:\/\/www.desmoidtumours.eu\/wp-content\/uploads\/2024\/07\/SWTX_Logo_White.svg","contentUrl":"https:\/\/www.desmoidtumours.eu\/wp-content\/uploads\/2024\/07\/SWTX_Logo_White.svg","caption":"Springworks"},"image":{"@id":"https:\/\/www.desmoidtumours.eu\/de\/#\/schema\/logo\/image\/"}}]}},"featured_image_src":null,"featured_image_src_square":null,"_links":{"self":[{"href":"https:\/\/www.desmoidtumours.eu\/de\/wp-json\/wp\/v2\/pages\/21485","targetHints":{"allow":["GET"]}}],"collection":[{"href":"https:\/\/www.desmoidtumours.eu\/de\/wp-json\/wp\/v2\/pages"}],"about":[{"href":"https:\/\/www.desmoidtumours.eu\/de\/wp-json\/wp\/v2\/types\/page"}],"author":[{"embeddable":true,"href":"https:\/\/www.desmoidtumours.eu\/de\/wp-json\/wp\/v2\/users\/4"}],"replies":[{"embeddable":true,"href":"https:\/\/www.desmoidtumours.eu\/de\/wp-json\/wp\/v2\/comments?post=21485"}],"version-history":[{"count":0,"href":"https:\/\/www.desmoidtumours.eu\/de\/wp-json\/wp\/v2\/pages\/21485\/revisions"}],"wp:attachment":[{"href":"https:\/\/www.desmoidtumours.eu\/de\/wp-json\/wp\/v2\/media?parent=21485"}],"curies":[{"name":"wp","href":"https:\/\/api.w.org\/{rel}","templated":true}]}}