{"id":21742,"date":"2025-03-05T16:36:57","date_gmt":"2025-03-05T16:36:57","guid":{"rendered":"https:\/\/www.desmoidtumours.eu\/registro-completado\/"},"modified":"2026-01-26T09:51:03","modified_gmt":"2026-01-26T09:51:03","slug":"registro-completado","status":"publish","type":"page","link":"https:\/\/www.desmoidtumours.eu\/es\/registro-completado\/","title":{"rendered":"Registro completado"},"content":{"rendered":"\t\t<div data-elementor-type=\"wp-page\" data-elementor-id=\"21742\" class=\"elementor elementor-21742 elementor-21445\" data-elementor-post-type=\"page\">\n\t\t\t\t<div class=\"elementor-element elementor-element-f1b1394 e-flex e-con-boxed e-con e-parent\" data-id=\"f1b1394\" data-element_type=\"container\">\n\t\t\t\t\t<div class=\"e-con-inner\">\n\t\t\t\t<div class=\"elementor-element elementor-element-cdbe133 elementor-widget elementor-widget-spacer\" data-id=\"cdbe133\" data-element_type=\"widget\" data-widget_type=\"spacer.default\">\n\t\t\t\t<div class=\"elementor-widget-container\">\n\t\t\t\t\t<div class=\"elementor-spacer\">\n\t\t\t<div class=\"elementor-spacer-inner\"><\/div>\n\t\t<\/div>\n\t\t\t\t<\/div>\n\t\t\t\t<\/div>\n\t\t<div class=\"elementor-element elementor-element-ce8faf2 e-con-full e-flex e-con e-child\" data-id=\"ce8faf2\" data-element_type=\"container\">\n\t\t\t\t<div class=\"elementor-element elementor-element-0017d20 elementor-widget elementor-widget-text-editor\" data-id=\"0017d20\" data-element_type=\"widget\" data-widget_type=\"text-editor.default\">\n\t\t\t\t<div class=\"elementor-widget-container\">\n\t\t\t\t\t\t\t<h3>Se ha completado el registro.<\/h3>\t\t\t\t\t\t<\/div>\n\t\t\t\t<\/div>\n\t\t\t\t<div class=\"elementor-element elementor-element-0a3adbb elementor-widget elementor-widget-text-editor\" data-id=\"0a3adbb\" data-element_type=\"widget\" data-widget_type=\"text-editor.default\">\n\t\t\t\t<div class=\"elementor-widget-container\">\n\t\t\t\t\t\t\t<p>Est\u00e9 atento para obtener m\u00e1s informaci\u00f3n sobre los <a href=\"\/\">tumores desmoides<\/a><\/p><p>Puede darse de baja en cualquier momento haciendo clic <a href=\"https:\/\/communication-preferences.springworkstx.eu\/\">aqu\u00ed<\/a>.<\/p>\t\t\t\t\t\t<\/div>\n\t\t\t\t<\/div>\n\t\t\t\t<\/div>\n\t\t\t\t\t<\/div>\n\t\t\t\t<\/div>\n\t\t\t\t<\/div>\n\t\t","protected":false},"excerpt":{"rendered":"<p>Se ha completado el registro. Est\u00e9 atento para obtener m\u00e1s informaci\u00f3n sobre los tumores desmoides Puede darse de baja en cualquier momento haciendo clic aqu\u00ed.<\/p>\n","protected":false},"author":4,"featured_media":0,"parent":0,"menu_order":0,"comment_status":"closed","ping_status":"closed","template":"elementor_header_footer","meta":{"_acf_changed":true,"footnotes":""},"class_list":["post-21742","page","type-page","status-publish","hentry"],"acf":[],"yoast_head":"<!-- This site is optimized with the Yoast SEO plugin v24.6 - https:\/\/yoast.com\/wordpress\/plugins\/seo\/ -->\n<title>Registro completado - Springworks<\/title>\n<meta name=\"robots\" content=\"index, follow, max-snippet:-1, max-image-preview:large, max-video-preview:-1\" \/>\n<link rel=\"canonical\" href=\"https:\/\/www.desmoidtumours.eu\/es\/registro-completado\/\" \/>\n<meta property=\"og:locale\" content=\"es_ES\" \/>\n<meta property=\"og:type\" content=\"article\" \/>\n<meta property=\"og:title\" content=\"Registro completado - Springworks\" \/>\n<meta property=\"og:description\" content=\"Se ha completado el registro. Est\u00e9 atento para obtener m\u00e1s informaci\u00f3n sobre los tumores desmoides Puede darse de baja en cualquier momento haciendo clic aqu\u00ed.\" \/>\n<meta property=\"og:url\" content=\"https:\/\/www.desmoidtumours.eu\/es\/registro-completado\/\" \/>\n<meta property=\"og:site_name\" content=\"Springworks\" \/>\n<meta property=\"article:modified_time\" content=\"2026-01-26T09:51:03+00:00\" \/>\n<meta name=\"twitter:card\" content=\"summary_large_image\" \/>\n<meta name=\"twitter:label1\" content=\"Est. reading time\" \/>\n\t<meta name=\"twitter:data1\" content=\"1 minuto\" \/>\n<script type=\"application\/ld+json\" class=\"yoast-schema-graph\">{\"@context\":\"https:\/\/schema.org\",\"@graph\":[{\"@type\":\"WebPage\",\"@id\":\"https:\/\/www.desmoidtumours.eu\/es\/registro-completado\/\",\"url\":\"https:\/\/www.desmoidtumours.eu\/es\/registro-completado\/\",\"name\":\"Registro completado - Springworks\",\"isPartOf\":{\"@id\":\"https:\/\/www.desmoidtumours.eu\/es\/#website\"},\"datePublished\":\"2025-03-05T16:36:57+00:00\",\"dateModified\":\"2026-01-26T09:51:03+00:00\",\"breadcrumb\":{\"@id\":\"https:\/\/www.desmoidtumours.eu\/es\/registro-completado\/#breadcrumb\"},\"inLanguage\":\"es\",\"potentialAction\":[{\"@type\":\"ReadAction\",\"target\":[\"https:\/\/www.desmoidtumours.eu\/es\/registro-completado\/\"]}]},{\"@type\":\"BreadcrumbList\",\"@id\":\"https:\/\/www.desmoidtumours.eu\/es\/registro-completado\/#breadcrumb\",\"itemListElement\":[{\"@type\":\"ListItem\",\"position\":1,\"name\":\"Home\",\"item\":\"https:\/\/www.desmoidtumours.eu\/es\/\"},{\"@type\":\"ListItem\",\"position\":2,\"name\":\"Registro completado\"}]},{\"@type\":\"WebSite\",\"@id\":\"https:\/\/www.desmoidtumours.eu\/es\/#website\",\"url\":\"https:\/\/www.desmoidtumours.eu\/es\/\",\"name\":\"Springworks\",\"description\":\"Desmoid Tumours\",\"publisher\":{\"@id\":\"https:\/\/www.desmoidtumours.eu\/es\/#organization\"},\"potentialAction\":[{\"@type\":\"SearchAction\",\"target\":{\"@type\":\"EntryPoint\",\"urlTemplate\":\"https:\/\/www.desmoidtumours.eu\/es\/?s={search_term_string}\"},\"query-input\":{\"@type\":\"PropertyValueSpecification\",\"valueRequired\":true,\"valueName\":\"search_term_string\"}}],\"inLanguage\":\"es\"},{\"@type\":\"Organization\",\"@id\":\"https:\/\/www.desmoidtumours.eu\/es\/#organization\",\"name\":\"Springworks\",\"url\":\"https:\/\/www.desmoidtumours.eu\/es\/\",\"logo\":{\"@type\":\"ImageObject\",\"inLanguage\":\"es\",\"@id\":\"https:\/\/www.desmoidtumours.eu\/es\/#\/schema\/logo\/image\/\",\"url\":\"https:\/\/www.desmoidtumours.eu\/wp-content\/uploads\/2024\/07\/SWTX_Logo_White.svg\",\"contentUrl\":\"https:\/\/www.desmoidtumours.eu\/wp-content\/uploads\/2024\/07\/SWTX_Logo_White.svg\",\"caption\":\"Springworks\"},\"image\":{\"@id\":\"https:\/\/www.desmoidtumours.eu\/es\/#\/schema\/logo\/image\/\"}}]}<\/script>\n<!-- \/ Yoast SEO plugin. -->","yoast_head_json":{"title":"Registro completado - Springworks","robots":{"index":"index","follow":"follow","max-snippet":"max-snippet:-1","max-image-preview":"max-image-preview:large","max-video-preview":"max-video-preview:-1"},"canonical":"https:\/\/www.desmoidtumours.eu\/es\/registro-completado\/","og_locale":"es_ES","og_type":"article","og_title":"Registro completado - Springworks","og_description":"Se ha completado el registro. Est\u00e9 atento para obtener m\u00e1s informaci\u00f3n sobre los tumores desmoides Puede darse de baja en cualquier momento haciendo clic aqu\u00ed.","og_url":"https:\/\/www.desmoidtumours.eu\/es\/registro-completado\/","og_site_name":"Springworks","article_modified_time":"2026-01-26T09:51:03+00:00","twitter_card":"summary_large_image","twitter_misc":{"Est. reading time":"1 minuto"},"schema":{"@context":"https:\/\/schema.org","@graph":[{"@type":"WebPage","@id":"https:\/\/www.desmoidtumours.eu\/es\/registro-completado\/","url":"https:\/\/www.desmoidtumours.eu\/es\/registro-completado\/","name":"Registro completado - Springworks","isPartOf":{"@id":"https:\/\/www.desmoidtumours.eu\/es\/#website"},"datePublished":"2025-03-05T16:36:57+00:00","dateModified":"2026-01-26T09:51:03+00:00","breadcrumb":{"@id":"https:\/\/www.desmoidtumours.eu\/es\/registro-completado\/#breadcrumb"},"inLanguage":"es","potentialAction":[{"@type":"ReadAction","target":["https:\/\/www.desmoidtumours.eu\/es\/registro-completado\/"]}]},{"@type":"BreadcrumbList","@id":"https:\/\/www.desmoidtumours.eu\/es\/registro-completado\/#breadcrumb","itemListElement":[{"@type":"ListItem","position":1,"name":"Home","item":"https:\/\/www.desmoidtumours.eu\/es\/"},{"@type":"ListItem","position":2,"name":"Registro completado"}]},{"@type":"WebSite","@id":"https:\/\/www.desmoidtumours.eu\/es\/#website","url":"https:\/\/www.desmoidtumours.eu\/es\/","name":"Springworks","description":"Desmoid Tumours","publisher":{"@id":"https:\/\/www.desmoidtumours.eu\/es\/#organization"},"potentialAction":[{"@type":"SearchAction","target":{"@type":"EntryPoint","urlTemplate":"https:\/\/www.desmoidtumours.eu\/es\/?s={search_term_string}"},"query-input":{"@type":"PropertyValueSpecification","valueRequired":true,"valueName":"search_term_string"}}],"inLanguage":"es"},{"@type":"Organization","@id":"https:\/\/www.desmoidtumours.eu\/es\/#organization","name":"Springworks","url":"https:\/\/www.desmoidtumours.eu\/es\/","logo":{"@type":"ImageObject","inLanguage":"es","@id":"https:\/\/www.desmoidtumours.eu\/es\/#\/schema\/logo\/image\/","url":"https:\/\/www.desmoidtumours.eu\/wp-content\/uploads\/2024\/07\/SWTX_Logo_White.svg","contentUrl":"https:\/\/www.desmoidtumours.eu\/wp-content\/uploads\/2024\/07\/SWTX_Logo_White.svg","caption":"Springworks"},"image":{"@id":"https:\/\/www.desmoidtumours.eu\/es\/#\/schema\/logo\/image\/"}}]}},"featured_image_src":null,"featured_image_src_square":null,"_links":{"self":[{"href":"https:\/\/www.desmoidtumours.eu\/es\/wp-json\/wp\/v2\/pages\/21742","targetHints":{"allow":["GET"]}}],"collection":[{"href":"https:\/\/www.desmoidtumours.eu\/es\/wp-json\/wp\/v2\/pages"}],"about":[{"href":"https:\/\/www.desmoidtumours.eu\/es\/wp-json\/wp\/v2\/types\/page"}],"author":[{"embeddable":true,"href":"https:\/\/www.desmoidtumours.eu\/es\/wp-json\/wp\/v2\/users\/4"}],"replies":[{"embeddable":true,"href":"https:\/\/www.desmoidtumours.eu\/es\/wp-json\/wp\/v2\/comments?post=21742"}],"version-history":[{"count":0,"href":"https:\/\/www.desmoidtumours.eu\/es\/wp-json\/wp\/v2\/pages\/21742\/revisions"}],"wp:attachment":[{"href":"https:\/\/www.desmoidtumours.eu\/es\/wp-json\/wp\/v2\/media?parent=21742"}],"curies":[{"name":"wp","href":"https:\/\/api.w.org\/{rel}","templated":true}]}}