{"id":21673,"date":"2025-03-05T10:20:47","date_gmt":"2025-03-05T10:20:47","guid":{"rendered":"https:\/\/www.desmoidtumours.eu\/anmeldung\/"},"modified":"2025-06-16T13:58:12","modified_gmt":"2025-06-16T13:58:12","slug":"inscription","status":"publish","type":"page","link":"https:\/\/www.desmoidtumours.eu\/fr\/inscription\/","title":{"rendered":"Inscription"},"content":{"rendered":"\t\t<div data-elementor-type=\"wp-page\" data-elementor-id=\"21673\" class=\"elementor elementor-21673 elementor-21440\" data-elementor-post-type=\"page\">\n\t\t\t\t<div class=\"elementor-element elementor-element-765307d e-flex e-con-boxed e-con e-parent\" data-id=\"765307d\" data-element_type=\"container\">\n\t\t\t\t\t<div class=\"e-con-inner\">\n\t\t\t\t<div class=\"elementor-element elementor-element-5ff9410 elementor-widget elementor-widget-spacer\" data-id=\"5ff9410\" data-element_type=\"widget\" data-widget_type=\"spacer.default\">\n\t\t\t\t<div class=\"elementor-widget-container\">\n\t\t\t\t\t<div class=\"elementor-spacer\">\n\t\t\t<div class=\"elementor-spacer-inner\"><\/div>\n\t\t<\/div>\n\t\t\t\t<\/div>\n\t\t\t\t<\/div>\n\t\t<div class=\"elementor-element elementor-element-4254100 e-con-full e-flex e-con e-child\" data-id=\"4254100\" data-element_type=\"container\">\n\t\t\t\t<div class=\"elementor-element elementor-element-2d90a42 elementor-widget elementor-widget-text-editor\" data-id=\"2d90a42\" data-element_type=\"widget\" data-widget_type=\"text-editor.default\">\n\t\t\t\t<div class=\"elementor-widget-container\">\n\t\t\t\t\t\t\t<p><\/p><div id=\"cont-doccheck-login-form\">\r\n        <div class=\"auth-form\">\r\n            <div class=\"auth-form-header\">\r\n                <img decoding=\"async\" class=\"auth-form-logo\" src=\"\/wp-content\/uploads\/2025\/02\/doc-check-logo.png\">\r\n                <h1>Inscription aux mises \u00e0 jour <\/h1>\r\n            <\/div>\r\n            <div class=\"auth-form-body\">\r\n                <form method=\"post\" action=\"https:\/\/login.doccheck.com\" id=\"doccheck_login_form\" class=\"doccheck_login_form\">\r\n                    <input type=\"hidden\" name=\"return_uri\" value=\"https:\/\/www.desmoidtumours.eu\/fr\/inscription-terminer\/\">\r\n                    <input type=\"hidden\" name=\"login_id\" value=\"2000000022099\">\r\n                    <input type=\"hidden\" name=\"target_page\" value=\"1\">\r\n                    <input type=\"hidden\" name=\"strDcLanguage\" value=\"fr_FR\">\r\n                    <input type=\"hidden\" name=\"m\" value=\"\">\r\n                    <!--input type=\"hidden\" name=\"intDcLanguageId\" value=\"134\"-->\r\n                   \r\n                    <div class=\"mb-5\">\r\n                        <p>\r\n                            Veuillez vous authentifier sur DocCheck en tant que professionnel de sant\u00e9 afin de recevoir les derni\u00e8res informations sur les tumeurs desmo\u00efdes par e-mail. \r\n                        <\/p>\r\n                    <\/div>\r\n                    <div>\r\n                        <label class=\"form-label\" for=\"username\">Nom d&#039;utilisateur<\/label>\r\n                        <input type=\"text\" name=\"username\" id=\"email\" value=\"\" placeholder=\"votre nom d&#039;utilisateur pour DocCheck\" required>\r\n                    <\/div>\r\n                    <div>\r\n                        <label class=\"form-label\" for=\"password\">Mot de passe<\/label>\r\n                        <input type=\"password\" name=\"password\" id=\"password\" value=\"\" placeholder=\"votre mot de passe DocCheck\" required>\r\n                    <\/div>\r\n                    \r\n                    <input type=\"hidden\" id=\"doccheck_login_nonce\" name=\"doccheck_login_nonce\" value=\"8c755e2ccc\" \/><input type=\"hidden\" name=\"_wp_http_referer\" value=\"\/fr\/wp-json\/wp\/v2\/pages\/21673\" \/>                    <div class=\"mt-3 footer-button\">\r\n                        <a class=\"button button--default\" href=\"https:\/\/www.doccheck.com\/reset-password-request\">Mot de passe oubli\u00e9?<\/a>\r\n                        <button type=\"submit\" class=\"button button--default submit-bottom-doccheck\" name=\"doccheck_login\">Authentification DocCheck<\/button>\r\n                    <\/div>\r\n                <\/form>\r\n            <\/div>\r\n        <\/div>\r\n        <div class=\"auth-form-footer\">\r\n                <p>\r\n                    Je ne suis pas encore enregistr\u00e9(e) chez DocCheck.                    <br>\r\n                    S&#039;inscrire maintenant.                <\/p>\r\n                <div>\r\n                    <a  class=\"button button--default\" href=\"https:\/\/www.doccheck.com\/register\">S&#039;inscrire maintenant<\/a>\r\n                <\/div>\r\n        <\/div>\r\n    <\/div>\t\t\t\t\t\t<\/div>\n\t\t\t\t<\/div>\n\t\t\t\t<\/div>\n\t\t\t\t\t<\/div>\n\t\t\t\t<\/div>\n\t\t\t\t<\/div>\n\t\t","protected":false},"excerpt":{"rendered":"<p>Inscription aux mises \u00e0 jour Veuillez vous authentifier sur DocCheck en tant que professionnel de sant\u00e9 afin de recevoir les derni\u00e8res informations sur les tumeurs desmo\u00efdes par e-mail. Nom d&#039;utilisateur Mot de passe Mot de passe oubli\u00e9? Authentification DocCheck Je ne suis pas encore enregistr\u00e9(e) chez DocCheck. S&#039;inscrire maintenant. S&#039;inscrire maintenant<\/p>\n","protected":false},"author":4,"featured_media":0,"parent":0,"menu_order":0,"comment_status":"closed","ping_status":"closed","template":"elementor_header_footer","meta":{"_acf_changed":true,"footnotes":""},"class_list":["post-21673","page","type-page","status-publish","hentry"],"acf":[],"yoast_head":"<!-- This site is optimized with the Yoast SEO plugin v24.6 - https:\/\/yoast.com\/wordpress\/plugins\/seo\/ -->\n<title>Inscription - Springworks<\/title>\n<meta name=\"robots\" content=\"index, follow, max-snippet:-1, max-image-preview:large, max-video-preview:-1\" \/>\n<link rel=\"canonical\" href=\"https:\/\/www.desmoidtumours.eu\/fr\/inscription\/\" \/>\n<meta property=\"og:locale\" content=\"fr_FR\" \/>\n<meta property=\"og:type\" content=\"article\" \/>\n<meta property=\"og:title\" content=\"Inscription - Springworks\" \/>\n<meta property=\"og:url\" content=\"https:\/\/www.desmoidtumours.eu\/fr\/inscription\/\" \/>\n<meta property=\"og:site_name\" content=\"Springworks\" \/>\n<meta property=\"article:modified_time\" content=\"2025-06-16T13:58:12+00:00\" \/>\n<meta name=\"twitter:card\" content=\"summary_large_image\" \/>\n<meta name=\"twitter:label1\" content=\"Dur\u00e9e de lecture estim\u00e9e\" \/>\n\t<meta name=\"twitter:data1\" content=\"1 minute\" \/>\n<script type=\"application\/ld+json\" class=\"yoast-schema-graph\">{\"@context\":\"https:\/\/schema.org\",\"@graph\":[{\"@type\":\"WebPage\",\"@id\":\"https:\/\/www.desmoidtumours.eu\/fr\/inscription\/\",\"url\":\"https:\/\/www.desmoidtumours.eu\/fr\/inscription\/\",\"name\":\"Inscription - Springworks\",\"isPartOf\":{\"@id\":\"https:\/\/www.desmoidtumours.eu\/fr\/#website\"},\"datePublished\":\"2025-03-05T10:20:47+00:00\",\"dateModified\":\"2025-06-16T13:58:12+00:00\",\"breadcrumb\":{\"@id\":\"https:\/\/www.desmoidtumours.eu\/fr\/inscription\/#breadcrumb\"},\"inLanguage\":\"fr-FR\",\"potentialAction\":[{\"@type\":\"ReadAction\",\"target\":[\"https:\/\/www.desmoidtumours.eu\/fr\/inscription\/\"]}]},{\"@type\":\"BreadcrumbList\",\"@id\":\"https:\/\/www.desmoidtumours.eu\/fr\/inscription\/#breadcrumb\",\"itemListElement\":[{\"@type\":\"ListItem\",\"position\":1,\"name\":\"Home\",\"item\":\"https:\/\/www.desmoidtumours.eu\/fr\/\"},{\"@type\":\"ListItem\",\"position\":2,\"name\":\"Inscription\"}]},{\"@type\":\"WebSite\",\"@id\":\"https:\/\/www.desmoidtumours.eu\/fr\/#website\",\"url\":\"https:\/\/www.desmoidtumours.eu\/fr\/\",\"name\":\"Springworks\",\"description\":\"Desmoid Tumours\",\"publisher\":{\"@id\":\"https:\/\/www.desmoidtumours.eu\/fr\/#organization\"},\"potentialAction\":[{\"@type\":\"SearchAction\",\"target\":{\"@type\":\"EntryPoint\",\"urlTemplate\":\"https:\/\/www.desmoidtumours.eu\/fr\/?s={search_term_string}\"},\"query-input\":{\"@type\":\"PropertyValueSpecification\",\"valueRequired\":true,\"valueName\":\"search_term_string\"}}],\"inLanguage\":\"fr-FR\"},{\"@type\":\"Organization\",\"@id\":\"https:\/\/www.desmoidtumours.eu\/fr\/#organization\",\"name\":\"Springworks\",\"url\":\"https:\/\/www.desmoidtumours.eu\/fr\/\",\"logo\":{\"@type\":\"ImageObject\",\"inLanguage\":\"fr-FR\",\"@id\":\"https:\/\/www.desmoidtumours.eu\/fr\/#\/schema\/logo\/image\/\",\"url\":\"https:\/\/www.desmoidtumours.eu\/wp-content\/uploads\/2024\/07\/SWTX_Logo_White.svg\",\"contentUrl\":\"https:\/\/www.desmoidtumours.eu\/wp-content\/uploads\/2024\/07\/SWTX_Logo_White.svg\",\"caption\":\"Springworks\"},\"image\":{\"@id\":\"https:\/\/www.desmoidtumours.eu\/fr\/#\/schema\/logo\/image\/\"}}]}<\/script>\n<!-- \/ Yoast SEO plugin. -->","yoast_head_json":{"title":"Inscription - Springworks","robots":{"index":"index","follow":"follow","max-snippet":"max-snippet:-1","max-image-preview":"max-image-preview:large","max-video-preview":"max-video-preview:-1"},"canonical":"https:\/\/www.desmoidtumours.eu\/fr\/inscription\/","og_locale":"fr_FR","og_type":"article","og_title":"Inscription - Springworks","og_url":"https:\/\/www.desmoidtumours.eu\/fr\/inscription\/","og_site_name":"Springworks","article_modified_time":"2025-06-16T13:58:12+00:00","twitter_card":"summary_large_image","twitter_misc":{"Dur\u00e9e de lecture estim\u00e9e":"1 minute"},"schema":{"@context":"https:\/\/schema.org","@graph":[{"@type":"WebPage","@id":"https:\/\/www.desmoidtumours.eu\/fr\/inscription\/","url":"https:\/\/www.desmoidtumours.eu\/fr\/inscription\/","name":"Inscription - Springworks","isPartOf":{"@id":"https:\/\/www.desmoidtumours.eu\/fr\/#website"},"datePublished":"2025-03-05T10:20:47+00:00","dateModified":"2025-06-16T13:58:12+00:00","breadcrumb":{"@id":"https:\/\/www.desmoidtumours.eu\/fr\/inscription\/#breadcrumb"},"inLanguage":"fr-FR","potentialAction":[{"@type":"ReadAction","target":["https:\/\/www.desmoidtumours.eu\/fr\/inscription\/"]}]},{"@type":"BreadcrumbList","@id":"https:\/\/www.desmoidtumours.eu\/fr\/inscription\/#breadcrumb","itemListElement":[{"@type":"ListItem","position":1,"name":"Home","item":"https:\/\/www.desmoidtumours.eu\/fr\/"},{"@type":"ListItem","position":2,"name":"Inscription"}]},{"@type":"WebSite","@id":"https:\/\/www.desmoidtumours.eu\/fr\/#website","url":"https:\/\/www.desmoidtumours.eu\/fr\/","name":"Springworks","description":"Desmoid Tumours","publisher":{"@id":"https:\/\/www.desmoidtumours.eu\/fr\/#organization"},"potentialAction":[{"@type":"SearchAction","target":{"@type":"EntryPoint","urlTemplate":"https:\/\/www.desmoidtumours.eu\/fr\/?s={search_term_string}"},"query-input":{"@type":"PropertyValueSpecification","valueRequired":true,"valueName":"search_term_string"}}],"inLanguage":"fr-FR"},{"@type":"Organization","@id":"https:\/\/www.desmoidtumours.eu\/fr\/#organization","name":"Springworks","url":"https:\/\/www.desmoidtumours.eu\/fr\/","logo":{"@type":"ImageObject","inLanguage":"fr-FR","@id":"https:\/\/www.desmoidtumours.eu\/fr\/#\/schema\/logo\/image\/","url":"https:\/\/www.desmoidtumours.eu\/wp-content\/uploads\/2024\/07\/SWTX_Logo_White.svg","contentUrl":"https:\/\/www.desmoidtumours.eu\/wp-content\/uploads\/2024\/07\/SWTX_Logo_White.svg","caption":"Springworks"},"image":{"@id":"https:\/\/www.desmoidtumours.eu\/fr\/#\/schema\/logo\/image\/"}}]}},"featured_image_src":null,"featured_image_src_square":null,"_links":{"self":[{"href":"https:\/\/www.desmoidtumours.eu\/fr\/wp-json\/wp\/v2\/pages\/21673","targetHints":{"allow":["GET"]}}],"collection":[{"href":"https:\/\/www.desmoidtumours.eu\/fr\/wp-json\/wp\/v2\/pages"}],"about":[{"href":"https:\/\/www.desmoidtumours.eu\/fr\/wp-json\/wp\/v2\/types\/page"}],"author":[{"embeddable":true,"href":"https:\/\/www.desmoidtumours.eu\/fr\/wp-json\/wp\/v2\/users\/4"}],"replies":[{"embeddable":true,"href":"https:\/\/www.desmoidtumours.eu\/fr\/wp-json\/wp\/v2\/comments?post=21673"}],"version-history":[{"count":0,"href":"https:\/\/www.desmoidtumours.eu\/fr\/wp-json\/wp\/v2\/pages\/21673\/revisions"}],"wp:attachment":[{"href":"https:\/\/www.desmoidtumours.eu\/fr\/wp-json\/wp\/v2\/media?parent=21673"}],"curies":[{"name":"wp","href":"https:\/\/api.w.org\/{rel}","templated":true}]}}